{"id":9,"date":"2025-03-05T10:57:10","date_gmt":"2025-03-05T09:57:10","guid":{"rendered":"https:\/\/www.annavilacolome.com\/?page_id=9"},"modified":"2026-02-26T13:21:47","modified_gmt":"2026-02-26T12:21:47","slug":"qui-soc","status":"publish","type":"page","link":"https:\/\/espaiintegra.es\/es\/qui-soc\/","title":{"rendered":"Qui\u00e9n soy"},"content":{"rendered":"<div data-elementor-type=\"wp-page\" data-elementor-id=\"9\" class=\"elementor elementor-9\" data-elementor-post-type=\"page\">\n\t\t\t\t<div class=\"elementor-element elementor-element-640dcb8 e-con-full e-flex e-con e-parent\" data-id=\"640dcb8\" data-element_type=\"container\" data-e-type=\"container\">\n\t\t<div class=\"elementor-element elementor-element-e156755 e-con-full e-flex e-con e-child\" data-id=\"e156755\" data-element_type=\"container\" data-e-type=\"container\" data-settings=\"{&quot;background_background&quot;:&quot;classic&quot;}\">\n\t\t\t\t<div class=\"elementor-element elementor-element-e965172 elementor-widget elementor-widget-image\" data-id=\"e965172\" data-element_type=\"widget\" data-e-type=\"widget\" data-widget_type=\"image.default\">\n\t\t\t\t<div class=\"elementor-widget-container\">\n\t\t\t\t\t\t\t\t\t\t\t\t\t\t\t<img fetchpriority=\"high\" decoding=\"async\" width=\"800\" height=\"815\" src=\"https:\/\/espaiintegra.es\/wp-content\/uploads\/2025\/03\/WhatsApp-Image-2025-03-04-at-11.23.25-1-1005x1024.jpeg\" class=\"attachment-large size-large wp-image-166\" alt=\"Anna Vila: terapeuta sist\u00e8mica i gest\u00e0ltica\" srcset=\"https:\/\/espaiintegra.es\/wp-content\/uploads\/2025\/03\/WhatsApp-Image-2025-03-04-at-11.23.25-1-1005x1024.jpeg 1005w, https:\/\/espaiintegra.es\/wp-content\/uploads\/2025\/03\/WhatsApp-Image-2025-03-04-at-11.23.25-1-295x300.jpeg 295w, https:\/\/espaiintegra.es\/wp-content\/uploads\/2025\/03\/WhatsApp-Image-2025-03-04-at-11.23.25-1-768x782.jpeg 768w, https:\/\/espaiintegra.es\/wp-content\/uploads\/2025\/03\/WhatsApp-Image-2025-03-04-at-11.23.25-1-1508x1536.jpeg 1508w, https:\/\/espaiintegra.es\/wp-content\/uploads\/2025\/03\/WhatsApp-Image-2025-03-04-at-11.23.25-1.jpeg 1944w\" sizes=\"(max-width: 800px) 100vw, 800px\" \/>\t\t\t\t\t\t\t\t\t\t\t\t\t\t\t<\/div>\n\t\t\t\t<\/div>\n\t\t\t\t<\/div>\n\t\t<div class=\"elementor-element elementor-element-cc68f01 e-con-full e-flex e-con e-child\" data-id=\"cc68f01\" data-element_type=\"container\" data-e-type=\"container\" data-settings=\"{&quot;background_background&quot;:&quot;classic&quot;}\">\n\t\t\t\t<div class=\"elementor-element elementor-element-bcb10a9 elementor-widget elementor-widget-heading\" data-id=\"bcb10a9\" data-element_type=\"widget\" data-e-type=\"widget\" data-widget_type=\"heading.default\">\n\t\t\t\t<div class=\"elementor-widget-container\">\n\t\t\t\t\t<h2 class=\"elementor-heading-title elementor-size-default\">Qui\u00e9n soy<\/h2>\t\t\t\t<\/div>\n\t\t\t\t<\/div>\n\t\t\t\t<div class=\"elementor-element elementor-element-42d05af elementor-widget elementor-widget-text-editor\" data-id=\"42d05af\" data-element_type=\"widget\" data-e-type=\"widget\" data-widget_type=\"text-editor.default\">\n\t\t\t\t<div class=\"elementor-widget-container\">\n\t\t\t\t\t\t\t\t\t<p class=\"p1\">Soy <span class=\"s1\"><b>Anna Vila<\/b><\/span>, terapeuta especializada en <span class=\"s1\"><b>terapia sist\u00e9mica y gest\u00e1ltica<\/b><\/span>, con una vocaci\u00f3n profunda por el acompa\u00f1amiento emocional y el crecimiento personal. Desde siempre, me ha interesado entender c\u00f3mo nuestras experiencias y relaciones est\u00e1n influenciadas por las din\u00e1micas familiares y los patrones inconscientes que vamos adquiriendo a lo largo de la vida.<\/p><p class=\"p1\">A trav\u00e9s de la <span class=\"s1\"><b>terapia sist\u00e9mica y las constelaciones familiares<\/b><\/span>, treballo per acompanyar a les persones a comprendre aquestes connexions profundes i a trobar un nou equilibri en la seva vida. Complemento aquesta mirada amb l\u2019enfocament <span class=\"s1\"><b>gest\u00e1ltico, la teor\u00eda de campo y el trabajo del self<\/b><\/span>, herramientas que permiten tomar conciencia de las propias emociones y vivir el presente con m\u00e1s plenitud.<\/p><p class=\"p1\">Con los a\u00f1os, he acompa\u00f1ado a personas en diferentes momentos y procesos de vida, ofreciendo <span class=\"s1\"><b>sesiones individuales, talleres y charlas<\/b><\/span> para explorar aspectos como los v\u00ednculos familiares, la relaci\u00f3n con la alimentaci\u00f3n y otras din\u00e1micas que nos condicionan. Creo en una terapia respetuosa y transformadora, donde cada persona pueda encontrar su propio camino hacia el bienestar y el autoconocimiento.<\/p><p class=\"p3\"><b>Si quieres saber m\u00e1s o iniciar este proceso de autodescubrimiento, estar\u00e9 encantada de acompa\u00f1arte.<\/b><\/p>\t\t\t\t\t\t\t\t<\/div>\n\t\t\t\t<\/div>\n\t\t\t\t<div class=\"elementor-element elementor-element-aa73f67 elementor-invisible elementor-widget elementor-widget-button\" data-id=\"aa73f67\" data-element_type=\"widget\" data-e-type=\"widget\" data-settings=\"{&quot;_animation&quot;:&quot;fadeInRight&quot;,&quot;_animation_delay&quot;:550}\" data-widget_type=\"button.default\">\n\t\t\t\t<div class=\"elementor-widget-container\">\n\t\t\t\t\t\t\t\t\t<div class=\"elementor-button-wrapper\">\n\t\t\t\t\t<a class=\"elementor-button elementor-button-link elementor-size-sm elementor-animation-grow\" href=\"https:\/\/espaiintegra.es\/es\/contacte\/\">\n\t\t\t\t\t\t<span class=\"elementor-button-content-wrapper\">\n\t\t\t\t\t\t\t\t\t<span class=\"elementor-button-text\">CONTACTO<\/span>\n\t\t\t\t\t<\/span>\n\t\t\t\t\t<\/a>\n\t\t\t\t<\/div>\n\t\t\t\t\t\t\t\t<\/div>\n\t\t\t\t<\/div>\n\t\t\t\t<\/div>\n\t\t\t\t<\/div>\n\t\t\t\t<\/div>","protected":false},"excerpt":{"rendered":"<p>Qui s\u00f3c Soc Anna Vila, terapeuta especialitzada en ter\u00e0pia sist\u00e8mica i gest\u00e0ltica, amb una vocaci\u00f3 profunda per l\u2019acompanyament emocional i el creixement personal. Des de sempre, m\u2019ha interessat entendre com les nostres experi\u00e8ncies i relacions estan influenciades per les din\u00e0miques familiars i els patrons inconscients que anem adquirint al llarg de la vida. A trav\u00e9s [&hellip;]<\/p>\n","protected":false},"author":1,"featured_media":166,"parent":0,"menu_order":0,"comment_status":"closed","ping_status":"closed","template":"","meta":{"footnotes":""},"class_list":["post-9","page","type-page","status-publish","has-post-thumbnail","hentry"],"_links":{"self":[{"href":"https:\/\/espaiintegra.es\/es\/wp-json\/wp\/v2\/pages\/9","targetHints":{"allow":["GET"]}}],"collection":[{"href":"https:\/\/espaiintegra.es\/es\/wp-json\/wp\/v2\/pages"}],"about":[{"href":"https:\/\/espaiintegra.es\/es\/wp-json\/wp\/v2\/types\/page"}],"author":[{"embeddable":true,"href":"https:\/\/espaiintegra.es\/es\/wp-json\/wp\/v2\/users\/1"}],"replies":[{"embeddable":true,"href":"https:\/\/espaiintegra.es\/es\/wp-json\/wp\/v2\/comments?post=9"}],"version-history":[{"count":20,"href":"https:\/\/espaiintegra.es\/es\/wp-json\/wp\/v2\/pages\/9\/revisions"}],"predecessor-version":[{"id":507,"href":"https:\/\/espaiintegra.es\/es\/wp-json\/wp\/v2\/pages\/9\/revisions\/507"}],"wp:featuredmedia":[{"embeddable":true,"href":"https:\/\/espaiintegra.es\/es\/wp-json\/wp\/v2\/media\/166"}],"wp:attachment":[{"href":"https:\/\/espaiintegra.es\/es\/wp-json\/wp\/v2\/media?parent=9"}],"curies":[{"name":"wp","href":"https:\/\/api.w.org\/{rel}","templated":true}]}}