{"id":313,"date":"2025-10-02T11:13:28","date_gmt":"2025-10-02T09:13:28","guid":{"rendered":"https:\/\/www.annavilacolome.com\/?page_id=313"},"modified":"2026-02-26T13:24:48","modified_gmt":"2026-02-26T12:24:48","slug":"sessions-de-terapia-individual","status":"publish","type":"page","link":"https:\/\/espaiintegra.es\/es\/sessions-de-terapia-individual\/","title":{"rendered":"Sesiones de terapia individual"},"content":{"rendered":"<div data-elementor-type=\"wp-page\" data-elementor-id=\"313\" class=\"elementor elementor-313\" data-elementor-post-type=\"page\">\n\t\t\t\t<div class=\"elementor-element elementor-element-4e3f407 e-flex e-con-boxed elementor-invisible e-con e-parent\" data-id=\"4e3f407\" data-element_type=\"container\" data-e-type=\"container\" data-settings=\"{&quot;background_background&quot;:&quot;classic&quot;,&quot;animation&quot;:&quot;fadeIn&quot;}\">\n\t\t\t\t\t<div class=\"e-con-inner\">\n\t\t\t\t\t<\/div>\n\t\t\t\t<\/div>\n\t\t<div class=\"elementor-element elementor-element-8511cd0 e-flex e-con-boxed elementor-invisible e-con e-parent\" data-id=\"8511cd0\" data-element_type=\"container\" data-e-type=\"container\" data-settings=\"{&quot;background_background&quot;:&quot;classic&quot;,&quot;animation&quot;:&quot;fadeIn&quot;}\">\n\t\t\t\t\t<div class=\"e-con-inner\">\n\t\t<div class=\"elementor-element elementor-element-b4b7f20 e-con-full e-flex e-con e-child\" data-id=\"b4b7f20\" data-element_type=\"container\" data-e-type=\"container\">\n\t\t\t\t<div class=\"elementor-element elementor-element-abafb13 elementor-widget elementor-widget-heading\" data-id=\"abafb13\" data-element_type=\"widget\" data-e-type=\"widget\" data-widget_type=\"heading.default\">\n\t\t\t\t<div class=\"elementor-widget-container\">\n\t\t\t\t\t<h1 class=\"elementor-heading-title elementor-size-default\">Sesiones de terapia individual<\/h1>\t\t\t\t<\/div>\n\t\t\t\t<\/div>\n\t\t\t\t<div class=\"elementor-element elementor-element-0cd2194 elementor-view-default elementor-widget elementor-widget-icon\" data-id=\"0cd2194\" data-element_type=\"widget\" data-e-type=\"widget\" data-widget_type=\"icon.default\">\n\t\t\t\t<div class=\"elementor-widget-container\">\n\t\t\t\t\t\t\t<div class=\"elementor-icon-wrapper\">\n\t\t\t<a class=\"elementor-icon elementor-animation-grow\" href=\"https:\/\/www.instagram.com\/annavilacolome\/\" target=\"_blank\" rel=\"noopener\">\n\t\t\t<svg aria-hidden=\"true\" class=\"e-font-icon-svg e-fab-instagram\" viewbox=\"0 0 448 512\" xmlns=\"http:\/\/www.w3.org\/2000\/svg\"><path d=\"M224.1 141c-63.6 0-114.9 51.3-114.9 114.9s51.3 114.9 114.9 114.9S339 319.5 339 255.9 287.7 141 224.1 141zm0 189.6c-41.1 0-74.7-33.5-74.7-74.7s33.5-74.7 74.7-74.7 74.7 33.5 74.7 74.7-33.6 74.7-74.7 74.7zm146.4-194.3c0 14.9-12 26.8-26.8 26.8-14.9 0-26.8-12-26.8-26.8s12-26.8 26.8-26.8 26.8 12 26.8 26.8zm76.1 27.2c-1.7-35.9-9.9-67.7-36.2-93.9-26.2-26.2-58-34.4-93.9-36.2-37-2.1-147.9-2.1-184.9 0-35.8 1.7-67.6 9.9-93.9 36.1s-34.4 58-36.2 93.9c-2.1 37-2.1 147.9 0 184.9 1.7 35.9 9.9 67.7 36.2 93.9s58 34.4 93.9 36.2c37 2.1 147.9 2.1 184.9 0 35.9-1.7 67.7-9.9 93.9-36.2 26.2-26.2 34.4-58 36.2-93.9 2.1-37 2.1-147.8 0-184.8zM398.8 388c-7.8 19.6-22.9 34.7-42.6 42.6-29.5 11.7-99.5 9-132.1 9s-102.7 2.6-132.1-9c-19.6-7.8-34.7-22.9-42.6-42.6-11.7-29.5-9-99.5-9-132.1s-2.6-102.7 9-132.1c7.8-19.6 22.9-34.7 42.6-42.6 29.5-11.7 99.5-9 132.1-9s102.7-2.6 132.1 9c19.6 7.8 34.7 22.9 42.6 42.6 11.7 29.5 9 99.5 9 132.1s2.7 102.7-9 132.1z\"><\/path><\/svg>\t\t\t<\/a>\n\t\t<\/div>\n\t\t\t\t\t\t<\/div>\n\t\t\t\t<\/div>\n\t\t\t\t<\/div>\n\t\t<div class=\"elementor-element elementor-element-fa1566d e-con-full e-flex e-con e-child\" data-id=\"fa1566d\" data-element_type=\"container\" data-e-type=\"container\">\n\t\t\t\t<div class=\"elementor-element elementor-element-5fb3448 elementor-widget elementor-widget-heading\" data-id=\"5fb3448\" data-element_type=\"widget\" data-e-type=\"widget\" data-widget_type=\"heading.default\">\n\t\t\t\t<div class=\"elementor-widget-container\">\n\t\t\t\t\t<h2 class=\"elementor-heading-title elementor-size-default\">Espai Segur i proper de ter\u00e0pia individual i d\u2019acompanayament emocional, on cada persona pot sentir-se escoltada, acollida i respectada.<\/h2>\t\t\t\t<\/div>\n\t\t\t\t<\/div>\n\t\t\t\t<div class=\"elementor-element elementor-element-0a7e6bd elementor-widget elementor-widget-text-editor\" data-id=\"0a7e6bd\" data-element_type=\"widget\" data-e-type=\"widget\" data-widget_type=\"text-editor.default\">\n\t\t\t\t<div class=\"elementor-widget-container\">\n\t\t\t\t\t\t\t\t\t<p style=\"font-weight: 400;\">La ter\u00e0pia individual \u00e9s un espai segur i confidencial on pots explorar els teus pensaments, emocions i comportaments. Com a terapeuta formada en enfocaments Gestalt i sist\u00e8mic, t&#8217;ofereixo un acompanyament personalitzat per ajudar-te a entendre i superar bloquejos, p\u00e8rdues i dols, baixa autoestima, la forma de relacionar-te amb els altres&#8230;<\/p>\t\t\t\t\t\t\t\t<\/div>\n\t\t\t\t<\/div>\n\t\t\t\t<div class=\"elementor-element elementor-element-c472501 elementor-invisible elementor-widget elementor-widget-button\" data-id=\"c472501\" data-element_type=\"widget\" data-e-type=\"widget\" data-settings=\"{&quot;_animation&quot;:&quot;fadeInRight&quot;,&quot;_animation_delay&quot;:550}\" data-widget_type=\"button.default\">\n\t\t\t\t<div class=\"elementor-widget-container\">\n\t\t\t\t\t\t\t\t\t<div class=\"elementor-button-wrapper\">\n\t\t\t\t\t<a class=\"elementor-button elementor-button-link elementor-size-sm elementor-animation-grow\" href=\"\/es\/contacte\/\">\n\t\t\t\t\t\t<span class=\"elementor-button-content-wrapper\">\n\t\t\t\t\t\t\t\t\t<span class=\"elementor-button-text\">CONTACTO<\/span>\n\t\t\t\t\t<\/span>\n\t\t\t\t\t<\/a>\n\t\t\t\t<\/div>\n\t\t\t\t\t\t\t\t<\/div>\n\t\t\t\t<\/div>\n\t\t\t\t<\/div>\n\t\t\t\t\t<\/div>\n\t\t\t\t<\/div>\n\t\t<div class=\"elementor-element elementor-element-ad8bfd5 e-flex e-con-boxed elementor-invisible e-con e-parent\" data-id=\"ad8bfd5\" data-element_type=\"container\" data-e-type=\"container\" data-settings=\"{&quot;background_background&quot;:&quot;classic&quot;,&quot;animation&quot;:&quot;fadeInUp&quot;}\">\n\t\t\t\t\t<div class=\"e-con-inner\">\n\t\t<div class=\"elementor-element elementor-element-5bbab40 e-con-full e-flex e-con e-child\" data-id=\"5bbab40\" data-element_type=\"container\" data-e-type=\"container\">\n\t\t\t\t<div class=\"elementor-element elementor-element-1c5e718 elementor-widget elementor-widget-heading\" data-id=\"1c5e718\" data-element_type=\"widget\" data-e-type=\"widget\" data-widget_type=\"heading.default\">\n\t\t\t\t<div class=\"elementor-widget-container\">\n\t\t\t\t\t<h4 class=\"elementor-heading-title elementor-size-default\">Qu\u00e8 es la Ter\u00e0pia Gestalt?<\/h4>\t\t\t\t<\/div>\n\t\t\t\t<\/div>\n\t\t\t\t<div class=\"elementor-element elementor-element-33e929a elementor-widget elementor-widget-text-editor\" data-id=\"33e929a\" data-element_type=\"widget\" data-e-type=\"widget\" data-widget_type=\"text-editor.default\">\n\t\t\t\t<div class=\"elementor-widget-container\">\n\t\t\t\t\t\t\t\t\t<p style=\"font-weight: 400;\">La ter\u00e0pia Gestalt en la seva forma d\u2019acompanyament professional, consta de dos enfocaments: l\u2019enfoc de la Costa Oest, que es basa en l&#8217;experi\u00e8ncia present i la consci\u00e8ncia de l&#8217;aqu\u00ed i ara, promovent l&#8217;autoreflexi\u00f3, l&#8217;autoconeixement i l\u2019autoresponsabilitat, on per mitj\u00e0 de t\u00e8cniques creatives i exercicis d\u2019autoexploraci\u00f3, permet tenir contacte i connexi\u00f3 amb el propi m\u00f3n emocional, cognitiu i corporal. Fomentant aix\u00ed l\u2019autocomprensi\u00f3 i l\u2019autenticitat de la persona. Poder-nos comprendre des d\u2019una mirada hol\u00edstica genera i aporta harmonia.<\/p><p style=\"font-weight: 400;\"><strong>&#8220;S\u00f3c la suma de les meves parts&#8221;<\/strong><\/p>\t\t\t\t\t\t\t\t<\/div>\n\t\t\t\t<\/div>\n\t\t\t\t<\/div>\n\t\t<div class=\"elementor-element elementor-element-8ee9aa0 e-con-full e-flex e-con e-child\" data-id=\"8ee9aa0\" data-element_type=\"container\" data-e-type=\"container\">\n\t\t\t\t<div class=\"elementor-element elementor-element-40beae3 elementor-widget elementor-widget-heading\" data-id=\"40beae3\" data-element_type=\"widget\" data-e-type=\"widget\" data-widget_type=\"heading.default\">\n\t\t\t\t<div class=\"elementor-widget-container\">\n\t\t\t\t\t<h4 class=\"elementor-heading-title elementor-size-default\">Qu\u00e8 \u00e9s la Ter\u00e0pia Gestalt des de la Perspectiva de Camp?<\/h4>\t\t\t\t<\/div>\n\t\t\t\t<\/div>\n\t\t\t\t<div class=\"elementor-element elementor-element-21a02e6 elementor-widget elementor-widget-text-editor\" data-id=\"21a02e6\" data-element_type=\"widget\" data-e-type=\"widget\" data-widget_type=\"text-editor.default\">\n\t\t\t\t<div class=\"elementor-widget-container\">\n\t\t\t\t\t\t\t\t\t<p style=\"font-weight: 400;\">D&#8217;altra banda tenim l\u2019enfoc de la perspectiva de la Costa Est: Inclou una visi\u00f3 m\u00e9s relacional, tenint en compte el self de la persona i la seva forma de contacte. Es basa en l\u2019idea de que s\u00f3m el resultat d\u2019interaccions cont\u00ednues amb el nostre entorn. Cada experi\u00e8ncia es compr\u00e8n en el context de la relaci\u00f3 entre l\u2019individu i el seu ambient. Aix\u00f2 vol dir que explorarem no nom\u00e9s els pensaments i sentiments de la persona, sino tamb\u00e9 com aquests est\u00e1n influenciats i influenciant, les relacions i espais de la seva vida.<\/p>\t\t\t\t\t\t\t\t<\/div>\n\t\t\t\t<\/div>\n\t\t\t\t<\/div>\n\t\t<div class=\"elementor-element elementor-element-e1a8858 e-con-full e-flex e-con e-child\" data-id=\"e1a8858\" data-element_type=\"container\" data-e-type=\"container\">\n\t\t\t\t<div class=\"elementor-element elementor-element-df65fa6 elementor-widget elementor-widget-heading\" data-id=\"df65fa6\" data-element_type=\"widget\" data-e-type=\"widget\" data-widget_type=\"heading.default\">\n\t\t\t\t<div class=\"elementor-widget-container\">\n\t\t\t\t\t<h4 class=\"elementor-heading-title elementor-size-default\">Qu\u00e8 es la Ter\u00e0pia Sist\u00e8mica?<\/h4>\t\t\t\t<\/div>\n\t\t\t\t<\/div>\n\t\t\t\t<div class=\"elementor-element elementor-element-a382bd2 elementor-widget elementor-widget-text-editor\" data-id=\"a382bd2\" data-element_type=\"widget\" data-e-type=\"widget\" data-widget_type=\"text-editor.default\">\n\t\t\t\t<div class=\"elementor-widget-container\">\n\t\t\t\t\t\t\t\t\t<p style=\"font-weight: 400;\">La ter\u00e0pia sist\u00e8mica, d&#8217;altra banda, considera que cada individu est\u00e0 influenciat pel seu entorn i les seves relacions. Junts explorarem com les interaccions amb familiars, amics i altres sistemes socials impacten en el teu benestar.<\/p><p style=\"font-weight: 400;\">Aquest enfocament t&#8217;ajudar\u00e0 a identificar patrons i din\u00e0miques que poden estar afectant la teva vida i et permetr\u00e0 <strong>trobar formes de canvi<\/strong>.<\/p>\t\t\t\t\t\t\t\t<\/div>\n\t\t\t\t<\/div>\n\t\t\t\t<\/div>\n\t\t\t\t\t<\/div>\n\t\t\t\t<\/div>\n\t\t<div class=\"elementor-element elementor-element-ad91d5b animated-slow e-flex e-con-boxed elementor-invisible e-con e-parent\" data-id=\"ad91d5b\" data-element_type=\"container\" data-e-type=\"container\" data-settings=\"{&quot;background_background&quot;:&quot;classic&quot;,&quot;animation&quot;:&quot;fadeIn&quot;}\">\n\t\t\t\t\t<div class=\"e-con-inner\">\n\t\t\t\t<div class=\"elementor-element elementor-element-667e91f elementor-widget__width-initial elementor-widget elementor-widget-heading\" data-id=\"667e91f\" data-element_type=\"widget\" data-e-type=\"widget\" data-widget_type=\"heading.default\">\n\t\t\t\t<div class=\"elementor-widget-container\">\n\t\t\t\t\t<h3 class=\"elementor-heading-title elementor-size-default\">Un lloc on la calidesa i la seguretat s\u00f3n la base per iniciar processos de transformaci\u00f3 i cura.<\/h3>\t\t\t\t<\/div>\n\t\t\t\t<\/div>\n\t\t\t\t<div class=\"elementor-element elementor-element-6d91594 elementor-widget__width-initial elementor-invisible elementor-widget elementor-widget-heading\" data-id=\"6d91594\" data-element_type=\"widget\" data-e-type=\"widget\" data-settings=\"{&quot;_animation&quot;:&quot;fadeInUp&quot;,&quot;_animation_delay&quot;:600}\" data-widget_type=\"heading.default\">\n\t\t\t\t<div class=\"elementor-widget-container\">\n\t\t\t\t\t<h4 class=\"elementor-heading-title elementor-size-default\">Descobreix el teu potencial i recursos a trav\u00e9s de la Ter\u00e0pia Individual<\/h4>\t\t\t\t<\/div>\n\t\t\t\t<\/div>\n\t\t\t\t\t<\/div>\n\t\t\t\t<\/div>\n\t\t<div class=\"elementor-element elementor-element-f3e27da e-flex e-con-boxed e-con e-parent\" data-id=\"f3e27da\" data-element_type=\"container\" data-e-type=\"container\" data-settings=\"{&quot;background_background&quot;:&quot;classic&quot;,&quot;animation&quot;:&quot;none&quot;}\">\n\t\t\t\t\t<div class=\"e-con-inner\">\n\t\t\t\t<div class=\"elementor-element elementor-element-a90738f elementor-invisible elementor-widget elementor-widget-heading\" data-id=\"a90738f\" data-element_type=\"widget\" data-e-type=\"widget\" data-settings=\"{&quot;_animation&quot;:&quot;fadeIn&quot;}\" data-widget_type=\"heading.default\">\n\t\t\t\t<div class=\"elementor-widget-container\">\n\t\t\t\t\t<h5 class=\"elementor-heading-title elementor-size-default\"> El Proc\u00e9s de Ter\u00e0pia Individual:<\/h5>\t\t\t\t<\/div>\n\t\t\t\t<\/div>\n\t\t\t\t\t<\/div>\n\t\t\t\t<\/div>\n\t\t<div class=\"elementor-element elementor-element-7af250a e-flex e-con-boxed elementor-invisible e-con e-parent\" data-id=\"7af250a\" data-element_type=\"container\" data-e-type=\"container\" data-settings=\"{&quot;background_background&quot;:&quot;classic&quot;,&quot;animation&quot;:&quot;fadeIn&quot;}\">\n\t\t\t\t\t<div class=\"e-con-inner\">\n\t\t<div class=\"elementor-element elementor-element-14e867b e-con-full e-flex e-con e-child\" data-id=\"14e867b\" data-element_type=\"container\" data-e-type=\"container\">\n\t\t\t\t<div class=\"elementor-element elementor-element-b2d3d06 elementor-widget elementor-widget-text-editor\" data-id=\"b2d3d06\" data-element_type=\"widget\" data-e-type=\"widget\" data-widget_type=\"text-editor.default\">\n\t\t\t\t<div class=\"elementor-widget-container\">\n\t\t\t\t\t\t\t\t\t<p><strong>1.\u2060 \u2060Espai Segur: <br \/><\/strong>A les nostres sessions, crear\u00e9 un ambient de confian\u00e7a on puguis expressar-te lliurement. Junts explorarem el teu m\u00f3n intern i extern, reconeixent com cadasc\u00fa afecta l&#8217;altre.<\/p><p><strong>2.\u2060 \u2060Autoconsci\u00e8ncia a Aqu\u00ed i Ara:<br \/><\/strong>A trav\u00e9s de l&#8217;atenci\u00f3 plena i exercicis pr\u00e0ctics, t&#8217;acompanyar\u00e9 a connectar-te amb les teves emocions i sensacions en el moment present. Aprendr\u00e0s a recon\u00e8ixer qu\u00e8 sents i per qu\u00e8, permetent-te m\u00e9s claredat i autenticitat.<\/p><p><strong>3.\u2060 \u2060Exploraci\u00f3 del Camp Relacional:<\/strong><br \/>Junts examinarem les teves din\u00e0miques relacionals i com aquestes impacten en el teu benestar. Identificarem patrons a les teves interaccions que podrien estar limitant el teu creixement personal.<\/p>\t\t\t\t\t\t\t\t<\/div>\n\t\t\t\t<\/div>\n\t\t\t\t<\/div>\n\t\t<div class=\"elementor-element elementor-element-a3fe6ff e-con-full e-flex e-con e-child\" data-id=\"a3fe6ff\" data-element_type=\"container\" data-e-type=\"container\">\n\t\t\t\t<div class=\"elementor-element elementor-element-eddd387 elementor-widget elementor-widget-text-editor\" data-id=\"eddd387\" data-element_type=\"widget\" data-e-type=\"widget\" data-widget_type=\"text-editor.default\">\n\t\t\t\t<div class=\"elementor-widget-container\">\n\t\t\t\t\t\t\t\t\t<p><strong>4.\u2060 \u2060Autenticitat i Responsabilitat:<\/strong><br \/>Et recolzar\u00e9 perqu\u00e8 desenvolupis una major autenticitat, aprenent a prendre decisions que realment reflecteixin qui ets. T&#8217;acompanyar\u00e9 a assumir la responsabilitat del teu proc\u00e9s de canvi, empoderant-te en el cam\u00ed cap a una vida m\u00e9s plena.<\/p><p><strong>5.\u2060 \u2060Tancament Reflexiu:<\/strong><br \/>A mesura que avancem en la ter\u00e0pia, ens prendrem el temps per reflexionar sobre el que has apr\u00e8s i com pots aplicar aquests coneixements a la teva vida di\u00e0ria. El meu objectiu \u00e9s que et sentis preparat per abordar els desafiaments futurs amb confian\u00e7a.<\/p><p><strong>El teu Viatge Comen\u00e7a Aqu\u00ed<\/strong><br \/>Si est\u00e0s a punt per embarcar-te en aquesta travessia d&#8217;autodescobriment i creixement personal, s\u00f3c aqu\u00ed per acompanyar-te amb empatia i professionalitat. Junts, explorarem el teu paisatge emocional, connectant els punts entre el que sents i com aix\u00f2 es manifesta a la teva vida.<\/p>\t\t\t\t\t\t\t\t<\/div>\n\t\t\t\t<\/div>\n\t\t\t\t<\/div>\n\t\t\t\t\t<\/div>\n\t\t\t\t<\/div>\n\t\t<div class=\"elementor-element elementor-element-6e07677 e-flex e-con-boxed elementor-invisible e-con e-parent\" data-id=\"6e07677\" data-element_type=\"container\" data-e-type=\"container\" data-settings=\"{&quot;background_background&quot;:&quot;classic&quot;,&quot;animation&quot;:&quot;fadeIn&quot;}\">\n\t\t\t\t\t<div class=\"e-con-inner\">\n\t\t<div class=\"elementor-element elementor-element-42d53e7 e-con-full e-flex e-con e-child\" data-id=\"42d53e7\" data-element_type=\"container\" data-e-type=\"container\">\n\t\t\t\t<div class=\"elementor-element elementor-element-1233f68 elementor-widget elementor-widget-heading\" data-id=\"1233f68\" data-element_type=\"widget\" data-e-type=\"widget\" data-widget_type=\"heading.default\">\n\t\t\t\t<div class=\"elementor-widget-container\">\n\t\t\t\t\t<h2 class=\"elementor-heading-title elementor-size-default\">Ponte en contacto<\/h2>\t\t\t\t<\/div>\n\t\t\t\t<\/div>\n\t\t\t\t<\/div>\n\t\t<div class=\"elementor-element elementor-element-121ffa7 e-con-full e-flex e-con e-child\" data-id=\"121ffa7\" data-element_type=\"container\" data-e-type=\"container\">\n\t\t\t\t<div class=\"elementor-element elementor-element-65ba2a4 elementor-widget elementor-widget-heading\" data-id=\"65ba2a4\" data-element_type=\"widget\" data-e-type=\"widget\" data-widget_type=\"heading.default\">\n\t\t\t\t<div class=\"elementor-widget-container\">\n\t\t\t\t\t<h2 class=\"elementor-heading-title elementor-size-default\">No dubtis a contactar-me per a m\u00e9s informaci\u00f3 o per agendar una sessi\u00f3.<\/h2>\t\t\t\t<\/div>\n\t\t\t\t<\/div>\n\t\t\t\t<div class=\"elementor-element elementor-element-cdd30ba elementor-widget elementor-widget-text-editor\" data-id=\"cdd30ba\" data-element_type=\"widget\" data-e-type=\"widget\" data-widget_type=\"text-editor.default\">\n\t\t\t\t<div class=\"elementor-widget-container\">\n\t\t\t\t\t\t\t\t\t<p style=\"font-weight: 400;\">Si est\u00e0s llest\/a per comen\u00e7ar aquest viatge d&#8217;autodescobriment i sanaci\u00f3, estic aqu\u00ed per recolzar-te. El meu objectiu \u00e9s oferir-te un espai c\u00e0lid i comprensiu on puguis cr\u00e9ixer i transformar les teves experi\u00e8ncies.<\/p>\t\t\t\t\t\t\t\t<\/div>\n\t\t\t\t<\/div>\n\t\t\t\t<div class=\"elementor-element elementor-element-bcce3bc elementor-icon-list--layout-traditional elementor-list-item-link-full_width elementor-invisible elementor-widget elementor-widget-icon-list\" data-id=\"bcce3bc\" data-element_type=\"widget\" data-e-type=\"widget\" data-settings=\"{&quot;_animation&quot;:&quot;fadeInUp&quot;}\" data-widget_type=\"icon-list.default\">\n\t\t\t\t<div class=\"elementor-widget-container\">\n\t\t\t\t\t\t\t<ul class=\"elementor-icon-list-items\">\n\t\t\t\t\t\t\t<li class=\"elementor-icon-list-item\">\n\t\t\t\t\t\t\t\t\t\t\t<a href=\"mailto:info@annavilacolome.com\">\n\n\t\t\t\t\t\t\t\t\t\t\t\t<span class=\"elementor-icon-list-icon\">\n\t\t\t\t\t\t\t<svg aria-hidden=\"true\" class=\"e-font-icon-svg e-fas-envelope\" viewbox=\"0 0 512 512\" xmlns=\"http:\/\/www.w3.org\/2000\/svg\"><path d=\"M502.3 190.8c3.9-3.1 9.7-.2 9.7 4.7V400c0 26.5-21.5 48-48 48H48c-26.5 0-48-21.5-48-48V195.6c0-5 5.7-7.8 9.7-4.7 22.4 17.4 52.1 39.5 154.1 113.6 21.1 15.4 56.7 47.8 92.2 47.6 35.7.3 72-32.8 92.3-47.6 102-74.1 131.6-96.3 154-113.7zM256 320c23.2.4 56.6-29.2 73.4-41.4 132.7-96.3 142.8-104.7 173.4-128.7 5.8-4.5 9.2-11.5 9.2-18.9v-19c0-26.5-21.5-48-48-48H48C21.5 64 0 85.5 0 112v19c0 7.4 3.4 14.3 9.2 18.9 30.6 23.9 40.7 32.4 173.4 128.7 16.8 12.2 50.2 41.8 73.4 41.4z\"><\/path><\/svg>\t\t\t\t\t\t<\/span>\n\t\t\t\t\t\t\t\t\t\t<span class=\"elementor-icon-list-text\">info@annavilacolome.com<\/span>\n\t\t\t\t\t\t\t\t\t\t\t<\/a>\n\t\t\t\t\t\t\t\t\t<\/li>\n\t\t\t\t\t\t\t\t<li class=\"elementor-icon-list-item\">\n\t\t\t\t\t\t\t\t\t\t\t<a href=\"tel:691216048\">\n\n\t\t\t\t\t\t\t\t\t\t\t\t<span class=\"elementor-icon-list-icon\">\n\t\t\t\t\t\t\t<svg aria-hidden=\"true\" class=\"e-font-icon-svg e-fas-phone-alt\" viewbox=\"0 0 512 512\" xmlns=\"http:\/\/www.w3.org\/2000\/svg\"><path d=\"M497.39 361.8l-112-48a24 24 0 0 0-28 6.9l-49.6 60.6A370.66 370.66 0 0 1 130.6 204.11l60.6-49.6a23.94 23.94 0 0 0 6.9-28l-48-112A24.16 24.16 0 0 0 122.6.61l-104 24A24 24 0 0 0 0 48c0 256.5 207.9 464 464 464a24 24 0 0 0 23.4-18.6l24-104a24.29 24.29 0 0 0-14.01-27.6z\"><\/path><\/svg>\t\t\t\t\t\t<\/span>\n\t\t\t\t\t\t\t\t\t\t<span class=\"elementor-icon-list-text\">691 21 60 48<\/span>\n\t\t\t\t\t\t\t\t\t\t\t<\/a>\n\t\t\t\t\t\t\t\t\t<\/li>\n\t\t\t\t\t\t<\/ul>\n\t\t\t\t\t\t<\/div>\n\t\t\t\t<\/div>\n\t\t\t\t<\/div>\n\t\t<div class=\"elementor-element elementor-element-aeff179 e-con-full e-flex e-con e-child\" data-id=\"aeff179\" data-element_type=\"container\" data-e-type=\"container\">\n\t\t\t\t<div class=\"elementor-element elementor-element-d1eb0c8 elementor-invisible elementor-widget elementor-widget-button\" data-id=\"d1eb0c8\" data-element_type=\"widget\" data-e-type=\"widget\" data-settings=\"{&quot;_animation&quot;:&quot;fadeInRight&quot;,&quot;_animation_delay&quot;:550}\" data-widget_type=\"button.default\">\n\t\t\t\t<div class=\"elementor-widget-container\">\n\t\t\t\t\t\t\t\t\t<div class=\"elementor-button-wrapper\">\n\t\t\t\t\t<a class=\"elementor-button elementor-button-link elementor-size-sm elementor-animation-grow\" href=\"https:\/\/espaiintegra.es\/es\/contacte\/\">\n\t\t\t\t\t\t<span class=\"elementor-button-content-wrapper\">\n\t\t\t\t\t\t\t\t\t<span class=\"elementor-button-text\">CONTACTO<\/span>\n\t\t\t\t\t<\/span>\n\t\t\t\t\t<\/a>\n\t\t\t\t<\/div>\n\t\t\t\t\t\t\t\t<\/div>\n\t\t\t\t<\/div>\n\t\t\t\t<\/div>\n\t\t\t\t\t<\/div>\n\t\t\t\t<\/div>\n\t\t\t\t<\/div>","protected":false},"excerpt":{"rendered":"<p>Sessions de ter\u00e0pia individual Espai Segur i proper de ter\u00e0pia individual i d\u2019acompanayament emocional, on cada persona pot sentir-se escoltada, acollida i respectada. La ter\u00e0pia individual \u00e9s un espai segur i confidencial on pots explorar els teus pensaments, emocions i comportaments. Com a terapeuta formada en enfocaments Gestalt i sist\u00e8mic, t&#8217;ofereixo un acompanyament personalitzat per [&hellip;]<\/p>\n","protected":false},"author":1,"featured_media":318,"parent":0,"menu_order":0,"comment_status":"closed","ping_status":"closed","template":"","meta":{"footnotes":""},"class_list":["post-313","page","type-page","status-publish","has-post-thumbnail","hentry"],"_links":{"self":[{"href":"https:\/\/espaiintegra.es\/es\/wp-json\/wp\/v2\/pages\/313","targetHints":{"allow":["GET"]}}],"collection":[{"href":"https:\/\/espaiintegra.es\/es\/wp-json\/wp\/v2\/pages"}],"about":[{"href":"https:\/\/espaiintegra.es\/es\/wp-json\/wp\/v2\/types\/page"}],"author":[{"embeddable":true,"href":"https:\/\/espaiintegra.es\/es\/wp-json\/wp\/v2\/users\/1"}],"replies":[{"embeddable":true,"href":"https:\/\/espaiintegra.es\/es\/wp-json\/wp\/v2\/comments?post=313"}],"version-history":[{"count":81,"href":"https:\/\/espaiintegra.es\/es\/wp-json\/wp\/v2\/pages\/313\/revisions"}],"predecessor-version":[{"id":510,"href":"https:\/\/espaiintegra.es\/es\/wp-json\/wp\/v2\/pages\/313\/revisions\/510"}],"wp:featuredmedia":[{"embeddable":true,"href":"https:\/\/espaiintegra.es\/es\/wp-json\/wp\/v2\/media\/318"}],"wp:attachment":[{"href":"https:\/\/espaiintegra.es\/es\/wp-json\/wp\/v2\/media?parent=313"}],"curies":[{"name":"wp","href":"https:\/\/api.w.org\/{rel}","templated":true}]}}