{"id":277,"date":"2025-04-30T14:39:05","date_gmt":"2025-04-30T12:39:05","guid":{"rendered":"https:\/\/www.annavilacolome.com\/?page_id=277"},"modified":"2025-04-30T14:40:51","modified_gmt":"2025-04-30T12:40:51","slug":"politica-de-cookies","status":"publish","type":"page","link":"https:\/\/espaiintegra.es\/es\/politica-de-cookies\/","title":{"rendered":"Pol\u00edtica de cookies"},"content":{"rendered":"<div data-elementor-type=\"wp-page\" data-elementor-id=\"277\" class=\"elementor elementor-277\" data-elementor-post-type=\"page\">\n\t\t\t\t<div class=\"elementor-element elementor-element-d951626 e-flex e-con-boxed elementor-invisible e-con e-parent\" data-id=\"d951626\" data-element_type=\"container\" data-e-type=\"container\" data-settings=\"{&quot;background_background&quot;:&quot;classic&quot;,&quot;animation&quot;:&quot;fadeIn&quot;}\">\n\t\t\t\t\t<div class=\"e-con-inner\">\n\t\t<div class=\"elementor-element elementor-element-888e2e3 e-con-full e-flex e-con e-child\" data-id=\"888e2e3\" data-element_type=\"container\" data-e-type=\"container\">\n\t\t\t\t<div class=\"elementor-element elementor-element-a1397de elementor-widget elementor-widget-heading\" data-id=\"a1397de\" data-element_type=\"widget\" data-e-type=\"widget\" data-widget_type=\"heading.default\">\n\t\t\t\t<div class=\"elementor-widget-container\">\n\t\t\t\t\t<h2 class=\"elementor-heading-title elementor-size-default\">POL\u00cdTICA DE COOKIES<\/h2>\t\t\t\t<\/div>\n\t\t\t\t<\/div>\n\t\t\t\t<\/div>\n\t\t<div class=\"elementor-element elementor-element-b60fc73 e-con-full e-flex e-con e-child\" data-id=\"b60fc73\" data-element_type=\"container\" data-e-type=\"container\">\n\t\t\t\t<div class=\"elementor-element elementor-element-6a6a8af elementor-widget elementor-widget-text-editor\" data-id=\"6a6a8af\" data-element_type=\"widget\" data-e-type=\"widget\" data-widget_type=\"text-editor.default\">\n\t\t\t\t<div class=\"elementor-widget-container\">\n\t\t\t\t\t\t\t\t\t<p class=\"\" data-start=\"337\" data-end=\"364\"><strong data-start=\"337\" data-end=\"364\">1. \u00bfQu\u00e9 son las cookies?<\/strong><\/p><p class=\"\" data-start=\"366\" data-end=\"639\">Las cookies son peque\u00f1os archivos que se instalan en el dispositivo del usuario cuando visita un sitio web. Sirven para recopilar informaci\u00f3n sobre la actividad de navegaci\u00f3n y pueden facilitar la experiencia del usuario, personalizar contenidos, analizar h\u00e1bitos o mostrar publicidad.<\/p><p class=\"\" data-start=\"641\" data-end=\"676\"><strong data-start=\"641\" data-end=\"676\">2. Tipos de cookies utilizadas<\/strong><\/p><p class=\"\" data-start=\"678\" data-end=\"764\">Este sitio web utiliza <strong data-start=\"703\" data-end=\"735\">cookies propias y de terceros<\/strong> con los siguientes fines:<\/p><ul data-start=\"766\" data-end=\"1921\"><li class=\"\" data-start=\"766\" data-end=\"968\"><p class=\"\" data-start=\"768\" data-end=\"968\"><strong data-start=\"768\" data-end=\"790\">Cookies t\u00e9cnicas:<\/strong> Imprescindibles para el funcionamiento correcto del sitio web y para gestionar las preferencias de consentimiento. Permiten navegar y utilizar las diferentes opciones o servicios del sitio.<\/p><\/li><li class=\"\" data-start=\"969\" data-end=\"1203\"><p class=\"\" data-start=\"971\" data-end=\"1203\"><strong data-start=\"971\" data-end=\"993\">Cookies de an\u00e1lisis:<\/strong> Permiten obtener informaci\u00f3n estad\u00edstica agregada sobre el comportamiento de los usuarios (como las p\u00e1ginas m\u00e1s visitadas, el tiempo de permanencia, etc.), con el objetivo de mejorar el contenido y los servicios ofrecidos.<\/p><\/li><li class=\"\" data-start=\"1204\" data-end=\"1371\"><p class=\"\" data-start=\"1206\" data-end=\"1371\"><strong data-start=\"1206\" data-end=\"1237\">Cookies de personalizaci\u00f3n:<\/strong> Permiten recordar determinadas preferencias del usuario, como el idioma seleccionado, configuraciones regionales o tipo de navegador.<\/p><\/li><li class=\"\" data-start=\"1372\" data-end=\"1576\"><p class=\"\" data-start=\"1374\" data-end=\"1576\"><strong data-start=\"1374\" data-end=\"1400\">Cookies publicitarias:<\/strong> Utilizadas para gestionar, de manera eficaz, los espacios publicitarios que puedan incluirse en el sitio web, seg\u00fan criterios como la frecuencia de visualizaci\u00f3n de los anuncios.<\/p><\/li><li class=\"\" data-start=\"1577\" data-end=\"1776\"><p class=\"\" data-start=\"1579\" data-end=\"1776\"><strong data-start=\"1579\" data-end=\"1620\">Cookies de publicidad comportamental:<\/strong> Almacenan informaci\u00f3n sobre los h\u00e1bitos de navegaci\u00f3n del usuario para crear un perfil espec\u00edfico y mostrar anuncios personalizados seg\u00fan este perfil.<\/p><\/li><li class=\"\" data-start=\"1777\" data-end=\"1921\"><p class=\"\" data-start=\"1779\" data-end=\"1921\"><strong data-start=\"1779\" data-end=\"1809\">Cookies de redes sociales:<\/strong> Permiten la interacci\u00f3n con servicios de terceros como Facebook, Instagram o YouTube y la compartici\u00f3n de contenidos.<\/p><\/li><\/ul><p class=\"\" data-start=\"1923\" data-end=\"1953\"><strong data-start=\"1923\" data-end=\"1953\">3. Gesti\u00f3n del consentimiento<\/strong><\/p><p class=\"\" data-start=\"1955\" data-end=\"2166\">Cuando accede al sitio web, el usuario es informado mediante un banner que le permite <strong data-start=\"2037\" data-end=\"2084\">aceptar, rechazar o configurar las cookies<\/strong> seg\u00fan sus preferencias, de acuerdo con la legislaci\u00f3n vigente (RGPD y LSSI-CE).<\/p><p class=\"\" data-start=\"2168\" data-end=\"2325\">En cualquier momento, el usuario puede modificar o revocar su consentimiento a trav\u00e9s del enlace habilitado como \"Configuraci\u00f3n de cookies\" presente en el sitio web.<\/p><p class=\"\" data-start=\"2327\" data-end=\"2384\"><strong data-start=\"2327\" data-end=\"2384\">4. C\u00f3mo gestionar o eliminar cookies desde el navegador<\/strong><\/p><p class=\"\" data-start=\"2386\" data-end=\"2588\">El usuario puede configurar su navegador para aceptar, rechazar o eliminar las cookies instaladas. A continuaci\u00f3n, se ofrecen enlaces con informaci\u00f3n sobre c\u00f3mo hacerlo en los navegadores m\u00e1s utilizados:<\/p><ul data-start=\"2590\" data-end=\"2919\"><li class=\"\" data-start=\"2590\" data-end=\"2661\"><p class=\"\" data-start=\"2592\" data-end=\"2661\"><a href=\"https:\/\/support.google.com\/chrome\/answer\/95647?hl=es&amp;co=GENIE.Platform%3DDesktop\" target=\"_blank\" rel=\"nofollow noopener\" data-start=\"2592\" data-end=\"2661\">Google Chrome<\/a><\/p><\/li><li class=\"\" data-start=\"2662\" data-end=\"2749\"><p class=\"\" data-start=\"2664\" data-end=\"2749\"><a class=\"\" href=\"https:\/\/support.mozilla.org\/ca\/kb\/activar-i-desactivar-les-cookies\" target=\"_blank\" rel=\"nofollow noopener\" data-start=\"2664\" data-end=\"2749\">Mozilla Firefox<\/a><\/p><\/li><li class=\"\" data-start=\"2750\" data-end=\"2820\"><p class=\"\" data-start=\"2752\" data-end=\"2820\"><a class=\"\" href=\"https:\/\/support.apple.com\/ca-es\/guide\/safari\/sfri11471\/mac\" target=\"_blank\" rel=\"nofollow noopener\" data-start=\"2752\" data-end=\"2820\">Safari<\/a><\/p><\/li><li class=\"\" data-start=\"2821\" data-end=\"2919\"><p class=\"\" data-start=\"2823\" data-end=\"2919\"><a class=\"\" href=\"https:\/\/support.microsoft.com\/ca-es\/help\/4027947\/microsoft-edge-delete-cookies\" target=\"_blank\" rel=\"nofollow noopener\" data-start=\"2823\" data-end=\"2919\">Microsoft Edge<\/a><\/p><\/li><\/ul><p class=\"\" data-start=\"2921\" data-end=\"2967\"><strong data-start=\"2921\" data-end=\"2967\">5. Actualizaci\u00f3n de la pol\u00edtica de cookies<\/strong><\/p><p class=\"\" data-start=\"2969\" data-end=\"3156\">Esta pol\u00edtica puede ser modificada para adaptarse a cambios legislativos o t\u00e9cnicos. Se recomienda revisarla peri\u00f3dicamente. Cualquier cambio significativo ser\u00e1 comunicado a trav\u00e9s del sitio web.<\/p><p class=\"\" data-start=\"3158\" data-end=\"3253\">Para cualquier consulta sobre esta pol\u00edtica, puede contactar con: <strong data-start=\"3226\" data-end=\"3253\"><a rel=\"noopener\" data-start=\"3228\" data-end=\"3251\">info@annavilacolome.com<\/a><\/strong><\/p>\t\t\t\t\t\t\t\t<\/div>\n\t\t\t\t<\/div>\n\t\t\t\t<\/div>\n\t\t\t\t\t<\/div>\n\t\t\t\t<\/div>\n\t\t\t\t<\/div>","protected":false},"excerpt":{"rendered":"<p>POL\u00cdTICA DE COOKIES 1. Qu\u00e8 s\u00f3n les cookies? Les cookies s\u00f3n petits fitxers que s\u2019instal\u00b7len al dispositiu de l\u2019usuari quan visita un lloc web. Serveixen per recollir informaci\u00f3 sobre l\u2019activitat de navegaci\u00f3 i poden facilitar l\u2019experi\u00e8ncia de l\u2019usuari, personalitzar continguts, analitzar h\u00e0bits o mostrar publicitat. 2. Tipus de cookies utilitzades Aquest lloc web utilitza cookies [&hellip;]<\/p>\n","protected":false},"author":1,"featured_media":0,"parent":0,"menu_order":0,"comment_status":"closed","ping_status":"closed","template":"","meta":{"footnotes":""},"class_list":["post-277","page","type-page","status-publish","hentry"],"_links":{"self":[{"href":"https:\/\/espaiintegra.es\/es\/wp-json\/wp\/v2\/pages\/277","targetHints":{"allow":["GET"]}}],"collection":[{"href":"https:\/\/espaiintegra.es\/es\/wp-json\/wp\/v2\/pages"}],"about":[{"href":"https:\/\/espaiintegra.es\/es\/wp-json\/wp\/v2\/types\/page"}],"author":[{"embeddable":true,"href":"https:\/\/espaiintegra.es\/es\/wp-json\/wp\/v2\/users\/1"}],"replies":[{"embeddable":true,"href":"https:\/\/espaiintegra.es\/es\/wp-json\/wp\/v2\/comments?post=277"}],"version-history":[{"count":4,"href":"https:\/\/espaiintegra.es\/es\/wp-json\/wp\/v2\/pages\/277\/revisions"}],"predecessor-version":[{"id":281,"href":"https:\/\/espaiintegra.es\/es\/wp-json\/wp\/v2\/pages\/277\/revisions\/281"}],"wp:attachment":[{"href":"https:\/\/espaiintegra.es\/es\/wp-json\/wp\/v2\/media?parent=277"}],"curies":[{"name":"wp","href":"https:\/\/api.w.org\/{rel}","templated":true}]}}