{"id":266,"date":"2025-04-30T14:34:32","date_gmt":"2025-04-30T12:34:32","guid":{"rendered":"https:\/\/www.annavilacolome.com\/?page_id=266"},"modified":"2025-04-30T14:56:19","modified_gmt":"2025-04-30T12:56:19","slug":"avis-legal","status":"publish","type":"page","link":"https:\/\/espaiintegra.es\/es\/avis-legal\/","title":{"rendered":"Aviso legal"},"content":{"rendered":"<div data-elementor-type=\"wp-page\" data-elementor-id=\"266\" class=\"elementor elementor-266\" data-elementor-post-type=\"page\">\n\t\t\t\t<div class=\"elementor-element elementor-element-8f30987 e-flex e-con-boxed elementor-invisible e-con e-parent\" data-id=\"8f30987\" data-element_type=\"container\" data-e-type=\"container\" data-settings=\"{&quot;background_background&quot;:&quot;classic&quot;,&quot;animation&quot;:&quot;fadeIn&quot;}\">\n\t\t\t\t\t<div class=\"e-con-inner\">\n\t\t<div class=\"elementor-element elementor-element-8629a3b e-con-full e-flex e-con e-child\" data-id=\"8629a3b\" data-element_type=\"container\" data-e-type=\"container\">\n\t\t\t\t<div class=\"elementor-element elementor-element-ec1f95c elementor-widget elementor-widget-heading\" data-id=\"ec1f95c\" data-element_type=\"widget\" data-e-type=\"widget\" data-widget_type=\"heading.default\">\n\t\t\t\t<div class=\"elementor-widget-container\">\n\t\t\t\t\t<h2 class=\"elementor-heading-title elementor-size-default\">AVISO LEGAL<\/h2>\t\t\t\t<\/div>\n\t\t\t\t<\/div>\n\t\t\t\t<\/div>\n\t\t<div class=\"elementor-element elementor-element-5b9f6a6 e-con-full e-flex e-con e-child\" data-id=\"5b9f6a6\" data-element_type=\"container\" data-e-type=\"container\">\n\t\t\t\t<div class=\"elementor-element elementor-element-203b84c elementor-widget elementor-widget-text-editor\" data-id=\"203b84c\" data-element_type=\"widget\" data-e-type=\"widget\" data-widget_type=\"text-editor.default\">\n\t\t\t\t<div class=\"elementor-widget-container\">\n\t\t\t\t\t\t\t\t\t<p class=\"\" data-start=\"363\" data-end=\"388\"><strong data-start=\"363\" data-end=\"388\">1. Informaci\u00f3n general<\/strong><\/p><p class=\"\" data-start=\"390\" data-end=\"722\">En cumplimiento del deber de informaci\u00f3n recogido en el art\u00edculo 10 de la Ley 34\/2002, de 11 de julio, de Servicios de la Sociedad de la Informaci\u00f3n y del Comercio Electr\u00f3nico (LSSI-CE), se informa a los usuarios de que este sitio web, accesible desde la URL <strong data-start=\"647\" data-end=\"673\"><a class=\"\" href=\"https:\/\/espaiintegra.es\/es\/\" target=\"_new\" rel=\"noopener\" data-start=\"649\" data-end=\"671\">www.annavilacolome.com<\/a><\/strong> (en adelante, \u201cel Sitio Web\u201d), es titularidad de:<\/p><ul data-start=\"724\" data-end=\"926\"><li class=\"\" data-start=\"724\" data-end=\"761\"><p class=\"\" data-start=\"726\" data-end=\"761\"><strong data-start=\"726\" data-end=\"742\">Nombre completo:<\/strong> Anna Vila Colom\u00e9<\/p><\/li><li class=\"\" data-start=\"762\" data-end=\"784\"><p class=\"\" data-start=\"764\" data-end=\"784\"><strong data-start=\"764\" data-end=\"772\">NIF:<\/strong> 45538881P<\/p><\/li><li class=\"\" data-start=\"785\" data-end=\"865\"><p class=\"\" data-start=\"787\" data-end=\"865\"><strong data-start=\"787\" data-end=\"807\">Domicilio fiscal:<\/strong> C\/ Francesc Maci\u00e0 51, 1-2, 17190 Salt, Girona (Espa\u00f1a)<\/p><\/li><li class=\"\" data-start=\"866\" data-end=\"926\"><p class=\"\" data-start=\"868\" data-end=\"926\"><strong data-start=\"868\" data-end=\"902\">Correo electr\u00f3nico de contacto:<\/strong> <a rel=\"noopener\" data-start=\"903\" data-end=\"926\">info@annavilacolome.com<\/a><\/p><\/li><\/ul><p class=\"\" data-start=\"928\" data-end=\"955\"><strong data-start=\"928\" data-end=\"955\">2. Objeto del sitio web<\/strong><\/p><p class=\"\" data-start=\"957\" data-end=\"1267\">Este sitio web tiene como finalidad ofrecer informaci\u00f3n sobre los servicios de terapia, acompa\u00f1amiento personal y actividades profesionales desarrolladas por Anna Vila Colom\u00e9. A trav\u00e9s del Sitio Web se describen las especialidades, enfoques, metodolog\u00edas y otra informaci\u00f3n \u00fatil para las personas interesadas.<\/p><p class=\"\" data-start=\"1269\" data-end=\"1312\"><strong data-start=\"1269\" data-end=\"1312\">3. Propiedad intelectual e industrial<\/strong><\/p><p class=\"\" data-start=\"1314\" data-end=\"1577\">Todos los contenidos del Sitio Web (textos, im\u00e1genes, logotipos, dise\u00f1os, estructura, c\u00f3digo fuente, etc.) est\u00e1n protegidos por la normativa sobre propiedad intelectual e industrial, y son titularidad exclusiva de Anna Vila Colom\u00e9 o de terceros que han autorizado su uso.<\/p><p class=\"\" data-start=\"1579\" data-end=\"1760\">Queda expresamente prohibida la reproducci\u00f3n, distribuci\u00f3n, transformaci\u00f3n o comunicaci\u00f3n p\u00fablica, total o parcial, de los contenidos sin el consentimiento previo y por escrito del titular.<\/p><p class=\"\" data-start=\"1762\" data-end=\"1796\"><strong data-start=\"1762\" data-end=\"1796\">4. Responsabilidad del usuario<\/strong><\/p><p class=\"\" data-start=\"1798\" data-end=\"2083\">El usuario se compromete a hacer un uso adecuado de los contenidos y servicios del Sitio Web, absteni\u00e9ndose de realizar actividades il\u00edcitas o contrarias a la buena fe y al orden p\u00fablico. El titular no se hace responsable de los da\u00f1os o perjuicios que puedan derivarse de un uso inadecuado del sitio web.<\/p><p class=\"\" data-start=\"2085\" data-end=\"2108\"><strong data-start=\"2085\" data-end=\"2108\">5. Enlaces externos<\/strong><\/p><p class=\"\" data-start=\"2110\" data-end=\"2287\">Este Sitio Web puede contener enlaces a p\u00e1ginas de terceros. Anna Vila Colom\u00e9 no asume ninguna responsabilidad por el contenido, pr\u00e1cticas ni disponibilidad de dichos sitios externos.<\/p><p class=\"\" data-start=\"2289\" data-end=\"2330\"><strong data-start=\"2289\" data-end=\"2330\">6. Legislaci\u00f3n aplicable y jurisdicci\u00f3n<\/strong><\/p><p class=\"\" data-start=\"2332\" data-end=\"2583\">Este aviso legal se rige por la legislaci\u00f3n espa\u00f1ola vigente. Para cualquier controversia relacionada con este sitio web, las partes se someter\u00e1n a los Juzgados y Tribunales de Girona, salvo que la normativa aplicable establezca otra jurisdicci\u00f3n.<\/p>\t\t\t\t\t\t\t\t<\/div>\n\t\t\t\t<\/div>\n\t\t\t\t<\/div>\n\t\t\t\t\t<\/div>\n\t\t\t\t<\/div>\n\t\t\t\t<\/div>","protected":false},"excerpt":{"rendered":"<p>AV\u00cdS LEGAL 1. Informaci\u00f3 general En compliment del deure d&#8217;informaci\u00f3 recollit a l\u2019article 10 de la Llei 34\/2002, d\u201911 de juliol, de serveis de la societat de la informaci\u00f3 i del comer\u00e7 electr\u00f2nic (LSSI-CE), es posa en coneixement dels usuaris que aquest lloc web, accessible des de la URL www.annavilacolome.com (en endavant, \u201cel Lloc Web\u201d), [&hellip;]<\/p>\n","protected":false},"author":1,"featured_media":0,"parent":0,"menu_order":0,"comment_status":"closed","ping_status":"closed","template":"","meta":{"footnotes":""},"class_list":["post-266","page","type-page","status-publish","hentry"],"_links":{"self":[{"href":"https:\/\/espaiintegra.es\/es\/wp-json\/wp\/v2\/pages\/266","targetHints":{"allow":["GET"]}}],"collection":[{"href":"https:\/\/espaiintegra.es\/es\/wp-json\/wp\/v2\/pages"}],"about":[{"href":"https:\/\/espaiintegra.es\/es\/wp-json\/wp\/v2\/types\/page"}],"author":[{"embeddable":true,"href":"https:\/\/espaiintegra.es\/es\/wp-json\/wp\/v2\/users\/1"}],"replies":[{"embeddable":true,"href":"https:\/\/espaiintegra.es\/es\/wp-json\/wp\/v2\/comments?post=266"}],"version-history":[{"count":7,"href":"https:\/\/espaiintegra.es\/es\/wp-json\/wp\/v2\/pages\/266\/revisions"}],"predecessor-version":[{"id":290,"href":"https:\/\/espaiintegra.es\/es\/wp-json\/wp\/v2\/pages\/266\/revisions\/290"}],"wp:attachment":[{"href":"https:\/\/espaiintegra.es\/es\/wp-json\/wp\/v2\/media?parent=266"}],"curies":[{"name":"wp","href":"https:\/\/api.w.org\/{rel}","templated":true}]}}